{"id":618,"date":"2020-11-02T10:09:10","date_gmt":"2020-11-02T09:09:10","guid":{"rendered":"https:\/\/lesnyskrzat.info\/?page_id=618"},"modified":"2020-11-02T11:52:28","modified_gmt":"2020-11-02T10:52:28","slug":"klauzula-informacyjna","status":"publish","type":"page","link":"https:\/\/lesnyskrzat.info\/?page_id=618","title":{"rendered":"Klauzula Informacyjna"},"content":{"rendered":"\n<p><\/p>\n\n\n\n<p class=\"has-text-align-justify\"><strong>Klauzula Informacyjna o przetwarzaniu danych osobowych przez Publiczne Przedszkole \u201eLe\u015bny Skrzat\u201d z siedzib\u0105 w Piasecznie<\/strong><\/p>\n\n\n\n<p class=\"has-text-align-justify\"><strong>I. Informacja o przetwarzaniu danych osobowych<\/strong><br>Informujemy Ci\u0119, \u017ce przetwarzamy Twoje dane osobowe oraz dane osobowe Twojego dziecka.<\/p>\n\n\n\n<p class=\"has-text-align-justify\"><strong>II. Administrator Danych Osobowych<\/strong><br>Administratorem Twoich danych osobowych oraz danych osobowych Twojego dziecka jest<br><strong>Publiczne Przedszkole \u201eLe\u015bny Skrzat\u201d<\/strong> z siedzib\u0105 w Piasecznie przy ul. Mickiewicza 11; 05-500 Piaseczno.<\/p>\n\n\n\n<p><strong>III. Cele Przetwarzania danych<\/strong><\/p>\n\n\n\n<p>Przetwarzamy Twoje dane osobowe oraz dane osobowe Twojego dziecka w nast\u0119puj\u0105cych celach:<\/p>\n\n\n\n<ol class=\"is-style-arrow\"><li>w celu realizacji w spos\u00f3b w\u0142a\u015bciwy zawartej przez Ciebie z nami umowy opieki nad<br>dzieckiem<\/li><li>w celach archiwalnych dla zabezpieczenia informacji na wypadek prawnej potrzeby<br>wykazania fakt\u00f3w, co jest naszym prawnie uzasadnionym interesem<\/li><li>w celu ewentualnego ustalenia, dochodzenia lub obrony przed roszczeniami co jest<br>naszym prawnie uzasadnionym interesem<\/li><li>w celu zapewnienia bezpiecze\u0144stwa os\u00f3b przebywaj\u0105cych na terenie przedszkola oraz<br>ochrony mienia przedszkola<\/li><li>w celu promocji i informacji o wydarzeniach przedszkolnych (co dotyczy wy\u0142\u0105cznie<br>wizerunku dziecka pod warunkiem wyra\u017cenia przez Ciebie odr\u0119bnej zgody na<br>przetwarzanie w tym celu).<\/li><\/ol>\n\n\n\n<p><\/p>\n\n\n\n<p><strong>IV. Kategorie danych osobowych, kt\u00f3re przetwarzamy:<\/strong><\/p>\n\n\n\n<ul class=\"is-style-arrow\"><li>Imi\u0119 i nazwisko<\/li><li>Imi\u0119 nazwisko Twojego dziecka<\/li><li>Adres email<\/li><li>Adres zamieszkania<\/li><li>Adres zameldowania<\/li><li>Numer telefonu<\/li><li>PESEL Twojego dziecka<\/li><li>Dane o stanie zdrowia dziecka (alergie, informacje niezb\u0119dne do realizacji orzeczenia<br>o potrzebie kszta\u0142cenia specjalnego, opinii z poradni psychologiczno-pedagogicznej ,<br>informacje o chorobach mog\u0105cych stanowi\u0107 zagro\u017cenie dla Twojego dziecka)<\/li><li>Wizerunek dziecka i Tw\u00f3j wizerunek.<\/li><\/ul>\n\n\n\n<p><\/p>\n\n\n\n<p class=\"has-text-align-justify\"><strong>V. Odbiorcy danych osobowych<\/strong><br>Twoje dane osobowe oraz dane osobowe Twojego dziecka mog\u0105 by\u0107 udost\u0119pnione: firmie ksi\u0119gowej wsp\u00f3\u0142pracuj\u0105cej z Administratorem, organom administracji samorz\u0105dowej, Pa\u0144stwowym jednostkom bud\u017cetowym tj. Centrum Informatyczne Edukacji, Pa\u0144stwowa Inspekcja Sanitarna, innym organom pa\u0144stwowym, je\u017celi jeste\u015bmy do tego zobowi\u0105zani przez powszechnie obowi\u0105zuj\u0105ce przepisy, fotografowi \u2013 na podstawie Twojej odr\u0119bnej zgody.<\/p>\n\n\n\n<p class=\"has-text-align-justify\"><strong>VI. Przechowywanie danych do Pa\u0144stw trzecich lub organizacji mi\u0119dzynarodowych<\/strong><br>Nie przekazujemy Twoich danych poza teren Unii Europejskiej.<\/p>\n\n\n\n<p class=\"has-text-align-justify\"><strong>VII. Okres przechowywania danych<\/strong><\/p>\n\n\n\n<ol class=\"is-style-arrow\"><li>Twoje dane osobowe i dane Twojego dziecka pozyskane dla celu realizacji zawartej przez Ciebie z nami umowy opieki nad dzieckiem przechowywane i przetwarzane b\u0119d\u0105 przez czas trwania umowy i okres 5 lat licz\u0105c ko\u0144ca roku kalendarzowego, w kt\u00f3rym umowa uleg\u0142a rozwi\u0105zaniu.<\/li><\/ol>\n\n\n\n<p><\/p>\n\n\n\n<p><strong>VIII. Twoje prawa:<\/strong><br>Przys\u0142uguje Ci:<\/p>\n\n\n\n<ol class=\"is-style-arrow\"><li>Prawo dost\u0119pu do swoich danych oraz otrzymania ich kopii<\/li><li>Prawo do sprostowania (poprawiania) swoich danych<\/li><li>Prawo do usuni\u0119cia danych<\/li><li>Prawo do \u017c\u0105dania ograniczenia przetwarzania danych. Mo\u017cesz za\u017c\u0105da\u0107 aby\u015bmy<br>ograniczyli przetwarzanie danych osobowych wy\u0142\u0105cznie do ich przechowywania,<br>je\u017celi nie chcesz \u017ceby\u015bmy je usun\u0119li a s\u0105 Ci one potrzebne do ustalenia, dochodzenia<br>lub obrony roszcze\u0144<\/li><li>Prawo do wniesienia sprzeciwu wobec przetwarzania danych. Je\u017celi wniesiesz taki<br>sprzeciw zaprzestaniemy przetwarzania twoich danych<\/li><li>Prawo do wniesienia skargi do organu nadzorczego je\u017celi uwa\u017casz, \u017ce przetwarzamy<br>Twoje dane niezgodnie z prawem mo\u017cesz z\u0142o\u017cy\u0107 w tej sprawie skarg\u0119 do Prezesa<br>Urz\u0119du Ochrony Danych Osobowych lub innego w\u0142a\u015bciwego organu nadzorczego<\/li><li>Prawo do cofni\u0119cia zgody na przetwarzanie danych osobowych. W ka\u017cdej chwili masz<br>prawo cofn\u0105\u0107 zgod\u0119 na przetwarzanie Twoich danych osobowych, kt\u00f3re przetwarzamy<br>na podstawie Twojej zgody. Informujemy, i\u017c dane osobowe zawarte w umowie s\u0105<br>niezb\u0119dne do realizacji umowy. W przypadku cofni\u0119cia zgody na przetwarzanie<br>danych osobowych zawartych w umowie kontynuowanie umowy nie b\u0119dzie mo\u017cliwe.<br>W celu wykonania swoich praw skieruj swoje \u017c\u0105danie pod adres email<br><a href=\"https:\/\/lesnyskrzat.info\/?page_id=396\">kontakt@lesnyskrzat.info<\/a> lub udaj si\u0119 do naszej plac\u00f3wki <strong>Publiczne Przedszkole \u201eLe\u015bny<br>Skrzat\u201d <\/strong>z siedzib\u0105 w Piasecznie przy ul. Mickiewicza 11; 05-500 Piaseczno.<br>Przed realizacj\u0105 Twoich uprawnie\u0144 b\u0119dziemy musieli upewni\u0107 si\u0119, \u017ce Ty to Ty, a wi\u0119c<br>odpowiednio Ci\u0119 zidentyfikowa\u0107.<\/li><\/ol>\n\n\n\n<p><\/p>\n\n\n\n<p><strong>IX. Informacja o wymogu\/dobrowolno\u015bci podanych danych.<\/strong><\/p>\n\n\n\n<ol class=\"is-style-arrow\"><li>Podanie przez Ciebie danych takich jak: imi\u0119 i nazwisko, adres zamieszkania, adres<br>zameldowania, numer telefonu, adres email, imi\u0119 i nazwisko Twojego dziecka, nr<br>PESEL Twojego dziecka, dane o stanie zdrowia dziecka (alergie, informacje o<br>chorobach mog\u0105cych stanowi\u0107 zagro\u017cenie dla Twojego dziecka) jest dobrowolne, ale<br>nie maj\u0105c Twojej zgody na przetwarzanie tych danych realizacja umowy opieki nad<br>dzieckiem nie b\u0119dzie mo\u017cliwa.<\/li><li>Podanie przez Ciebie danych osobowych dotycz\u0105cych zdrowia dziecka zawartych w<br>orzeczeniu o potrzebie kszta\u0142cenia specjalnego, informacje niezb\u0119dne do realizacji<br>orzeczenia o potrzebie kszta\u0142cenia specjalnego, opinii z poradni psychologiczno-<br>pedagogicznej, jest dobrowolne, ale nie maj\u0105c Twojej zgody na przetwarzanie tych<br>danych realizacja terapii dziecka nie b\u0119dzie mo\u017cliwa.<\/li><li>Wyra\u017cenie zgody na przetwarzanie danych tj. wizerunek dziecka dla cel\u00f3w<br>marketingu nie jest konieczne dla realizacji umowy.<br>Je\u017celi nie chcesz aby\u015bmy przetwarzali Twoje dane osobowe lub dane osobowe<br>Twojego dziecka poinformuj nas, \u017ce cofasz zgod\u0119. Mo\u017cesz cofn\u0105\u0107 zgod\u0119 w ka\u017cdym<br>czasie kieruj\u0105c swoje \u017c\u0105danie pod adres email lesnyskrzat@onet.pl lub udaj si\u0119 do<br>naszej plac\u00f3wki Publiczne Przedszkole \u201eLe\u015bny Skrzat\u201d z siedzib\u0105 w Piasecznie przy<br>ul. Mickiewicza 11; 05-500 Piaseczno.<\/li><\/ol>\n","protected":false},"excerpt":{"rendered":"<p>Klauzula Informacyjna o przetwarzaniu danych osobowych przez Publiczne Przedszkole \u201eLe\u015bny Skrzat\u201d z siedzib\u0105 w Piasecznie I. Informacja o przetwarzaniu danych osobowychInformujemy Ci\u0119, \u017ce przetwarzamy Twoje dane osobowe oraz dane osobowe Twojego dziecka. II. Administrator Danych OsobowychAdministratorem Twoich danych osobowych oraz danych osobowych Twojego dziecka jestPubliczne Przedszkole \u201eLe\u015bny Skrzat\u201d z siedzib\u0105 w Piasecznie przy ul. Mickiewicza<\/p>\n<div class=\"klb-readmore\"><a href=\"https:\/\/lesnyskrzat.info\/?page_id=618\" class=\"btn btn-primary\">READ MORE<\/a><\/div>\n","protected":false},"author":1,"featured_media":0,"parent":0,"menu_order":0,"comment_status":"closed","ping_status":"closed","template":"","meta":{"_editorskit_title_hidden":false,"_editorskit_reading_time":3,"kt_blocks_editor_width":""},"_links":{"self":[{"href":"https:\/\/lesnyskrzat.info\/index.php?rest_route=\/wp\/v2\/pages\/618"}],"collection":[{"href":"https:\/\/lesnyskrzat.info\/index.php?rest_route=\/wp\/v2\/pages"}],"about":[{"href":"https:\/\/lesnyskrzat.info\/index.php?rest_route=\/wp\/v2\/types\/page"}],"author":[{"embeddable":true,"href":"https:\/\/lesnyskrzat.info\/index.php?rest_route=\/wp\/v2\/users\/1"}],"replies":[{"embeddable":true,"href":"https:\/\/lesnyskrzat.info\/index.php?rest_route=%2Fwp%2Fv2%2Fcomments&post=618"}],"version-history":[{"count":42,"href":"https:\/\/lesnyskrzat.info\/index.php?rest_route=\/wp\/v2\/pages\/618\/revisions"}],"predecessor-version":[{"id":670,"href":"https:\/\/lesnyskrzat.info\/index.php?rest_route=\/wp\/v2\/pages\/618\/revisions\/670"}],"wp:attachment":[{"href":"https:\/\/lesnyskrzat.info\/index.php?rest_route=%2Fwp%2Fv2%2Fmedia&parent=618"}],"curies":[{"name":"wp","href":"https:\/\/api.w.org\/{rel}","templated":true}]}}